{"id":10331,"date":"2023-12-18T15:35:33","date_gmt":"2023-12-18T14:35:33","guid":{"rendered":"https:\/\/www.jmgcranes.it\/?page_id=10331"},"modified":"2024-01-19T09:30:24","modified_gmt":"2024-01-19T08:30:24","slug":"bausektor-und-baugewerbe","status":"publish","type":"page","link":"https:\/\/www.jmgcranes.it\/de\/bausektor-und-baugewerbe\/","title":{"rendered":"Sektor Baugewerbe, Infrastruktur und Bauwerk"},"content":{"rendered":"<p>Questa \u00e8 una pagina di esempio. Differisce da un articolo di un blog perch\u00e9 rimane sempre allo stesso posto e (in molti temi) appare nel menu di navigazione. Molte persone iniziano con una pagina di Informazioni che li presentano ai visitatori del sito. Potrebbe apparire una presentazione del tipo:<\/p>\n\n\n\n<blockquote class=\"wp-block-quote is-layout-flow wp-block-quote-is-layout-flow\"><p>Ciao! Sono un fattorino ciclista di giorno, aspirante attore di notte e questo \u00e8 il mio sito web. Vivo a Los Angeles, ho un grande cane di nome Jack e mi piace la pi\u00f1a colada. (E prendere la pioggia)<\/p><\/blockquote>\n\n\n\n<p>...o qualcosa di simile:<\/p>\n\n\n\n<blockquote class=\"wp-block-quote is-layout-flow wp-block-quote-is-layout-flow\"><p>La Societ\u00e0 XYZ Aggeggi \u00e8 stata fondata nel 1971 e da allora fornisce al pubblico aggeggi di ottima qualit\u00e0. Situata a Fantasilandia, XYZ impiega oltre 2.000 persone e realizza ogni sorta di aggeggio fantastico per la comunit\u00e0 di Fantasilandia.<\/p><\/blockquote>\n\n\n\n<p>Come nuovo utente di WordPress, dovresti andare nella tua <a href=\"https:\/\/www.jmgcranes.it\/wp-admin\/\">Bacheca<\/a> per eliminare questa pagina, e crearne delle nuove per i tuoi contenuti. Divertiti!<\/p>","protected":false},"excerpt":{"rendered":"<p>Questa \u00e8 una pagina di esempio. Differisce da un articolo di un blog perch\u00e9 rimane sempre allo stesso posto e (in molti temi) appare nel menu di navigazione. Molte persone iniziano con una pagina di Informazioni che li presentano ai visitatori del sito. Potrebbe apparire una presentazione del tipo: Ciao! Sono un fattorino ciclista di [&hellip;]<\/p>","protected":false},"author":1,"featured_media":10963,"parent":0,"menu_order":0,"comment_status":"closed","ping_status":"closed","template":"","meta":{"_acf_changed":false,"footnotes":""},"class_list":["post-10331","page","type-page","status-publish","has-post-thumbnail","hentry"],"acf":[],"_links":{"self":[{"href":"https:\/\/www.jmgcranes.it\/de\/wp-json\/wp\/v2\/pages\/10331","targetHints":{"allow":["GET"]}}],"collection":[{"href":"https:\/\/www.jmgcranes.it\/de\/wp-json\/wp\/v2\/pages"}],"about":[{"href":"https:\/\/www.jmgcranes.it\/de\/wp-json\/wp\/v2\/types\/page"}],"author":[{"embeddable":true,"href":"https:\/\/www.jmgcranes.it\/de\/wp-json\/wp\/v2\/users\/1"}],"replies":[{"embeddable":true,"href":"https:\/\/www.jmgcranes.it\/de\/wp-json\/wp\/v2\/comments?post=10331"}],"version-history":[{"count":2,"href":"https:\/\/www.jmgcranes.it\/de\/wp-json\/wp\/v2\/pages\/10331\/revisions"}],"predecessor-version":[{"id":10361,"href":"https:\/\/www.jmgcranes.it\/de\/wp-json\/wp\/v2\/pages\/10331\/revisions\/10361"}],"wp:featuredmedia":[{"embeddable":true,"href":"https:\/\/www.jmgcranes.it\/de\/wp-json\/wp\/v2\/media\/10963"}],"wp:attachment":[{"href":"https:\/\/www.jmgcranes.it\/de\/wp-json\/wp\/v2\/media?parent=10331"}],"curies":[{"name":"wp","href":"https:\/\/api.w.org\/{rel}","templated":true}]}}